{"id":226,"date":"2025-10-23T18:53:31","date_gmt":"2025-10-23T18:53:31","guid":{"rendered":"https:\/\/cc-sanantonio.com.ar\/?page_id=226"},"modified":"2025-10-24T13:12:05","modified_gmt":"2025-10-24T13:12:05","slug":"autoridades-del-comite-de-cuenca-arroyo-san-antonio","status":"publish","type":"page","link":"https:\/\/cc-sanantonio.com.ar\/?page_id=226","title":{"rendered":"Autoridades del Comit\u00e9 de Cuenca Arroyo San Antonio"},"content":{"rendered":"\t\t<div data-elementor-type=\"wp-page\" data-elementor-id=\"226\" class=\"elementor elementor-226\" data-elementor-post-type=\"page\">\n\t\t\t\t<div class=\"elementor-element elementor-element-1f737e3 e-flex e-con-boxed e-con e-parent\" data-id=\"1f737e3\" data-element_type=\"container\">\n\t\t\t\t\t<div class=\"e-con-inner\">\n\t\t<div class=\"elementor-element elementor-element-d126c6d e-con-full e-flex e-con e-child\" data-id=\"d126c6d\" data-element_type=\"container\">\n\t\t\t\t<div class=\"elementor-element elementor-element-142ef31e elementor-widget elementor-widget-text-editor\" data-id=\"142ef31e\" data-element_type=\"widget\" data-widget_type=\"text-editor.default\">\n\t\t\t\t\t\t\t\t\t\n<h1><strong>Autoridades del Comit\u00e9 de Cuenca Arroyo San Antonio<\/strong><\/h1>\n<p>El <strong>Comit\u00e9 de Cuenca Arroyo San Antonio<\/strong> est\u00e1 integrado por representantes de distintas localidades que trabajan de forma articulada en la gesti\u00f3n, preservaci\u00f3n y mantenimiento del sistema h\u00eddrico regional. Su objetivo es promover acciones coordinadas para el uso responsable del agua, la prevenci\u00f3n de anegamientos y el desarrollo sustentable del territorio.<\/p>\n\n<h2 class=\"wp-block-heading\"><strong>Comisi\u00f3n Directiva<\/strong><\/h2>\n\n<ul class=\"wp-block-list\">\n<li><strong>Presidente:<\/strong> Omar Kuhn (Portugalete)<\/li>\n\n<li><strong>Vicepresidente:<\/strong> Jorge Manganelli (\u00d1anducita)<\/li>\n\n<li><strong>Tesorero:<\/strong> Javier Mangold (\u00d1anducita)<\/li>\n\n<li><strong>Secretaria:<\/strong> Laura Schiavi (San Crist\u00f3bal)<\/li>\n<\/ul>\n\n<h2 class=\"wp-block-heading\"><strong>Delegados por Distrito<\/strong><\/h2>\n\n<p><strong>Capivara:<\/strong> Marcelo Jarosky, Abel Gerson, Adriana C\u00f3rdoba, Eusebio Albelo<br \/><strong>Portugalete:<\/strong> Omar Kuhn, Luis Lago, Walter Kalbermatter, Claudio Oliva<br \/><strong>\u00d1anducita:<\/strong> Jorge Manganelli, Eduardo Bonino, H\u00e9ctor Barbaglia, Javier Mangold<br \/><strong>San Crist\u00f3bal:<\/strong> Laura Schiavi, Daiana Fruh, Claudio Gainedu, Sergio Bustos<\/p>\n\t\t\t\t\t\t\t\t<\/div>\n\t\t\t\t<\/div>\n\t\t<div class=\"elementor-element elementor-element-43fe26f e-grid e-con-full e-con e-child\" data-id=\"43fe26f\" data-element_type=\"container\">\n\t\t\t\t<div class=\"elementor-element elementor-element-a869cfd elementor-grid-1 elementor-grid-tablet-2 elementor-grid-mobile-1 elementor-posts--thumbnail-top elementor-card-shadow-yes elementor-posts__hover-gradient elementor-widget elementor-widget-posts\" data-id=\"a869cfd\" data-element_type=\"widget\" data-settings=\"{&quot;cards_columns&quot;:&quot;1&quot;,&quot;cards_row_gap&quot;:{&quot;unit&quot;:&quot;px&quot;,&quot;size&quot;:10,&quot;sizes&quot;:[]},&quot;cards_columns_tablet&quot;:&quot;2&quot;,&quot;cards_columns_mobile&quot;:&quot;1&quot;,&quot;cards_row_gap_tablet&quot;:{&quot;unit&quot;:&quot;px&quot;,&quot;size&quot;:&quot;&quot;,&quot;sizes&quot;:[]},&quot;cards_row_gap_mobile&quot;:{&quot;unit&quot;:&quot;px&quot;,&quot;size&quot;:&quot;&quot;,&quot;sizes&quot;:[]}}\" data-widget_type=\"posts.cards\">\n\t\t\t\t<div class=\"elementor-widget-container\">\n\t\t\t\t\t\t\t<div class=\"elementor-posts-container elementor-posts elementor-posts--skin-cards elementor-grid\" role=\"list\">\n\t\t\t\t<article class=\"elementor-post elementor-grid-item post-220 post type-post status-publish format-standard has-post-thumbnail category-noticias category-pagos tag-facilidades-de-pago tag-planes-de-pago\" role=\"listitem\">\n\t\t\t<div class=\"elementor-post__card\">\n\t\t\t\t<a class=\"elementor-post__thumbnail__link\" href=\"https:\/\/cc-sanantonio.com.ar\/?p=220\" tabindex=\"-1\" ><div class=\"elementor-post__thumbnail\"><img loading=\"lazy\" loading=\"lazy\" decoding=\"async\" width=\"300\" height=\"169\" src=\"https:\/\/cc-sanantonio.com.ar\/wp-content\/uploads\/2025\/06\/DJI_0309-300x169.jpg\" class=\"attachment-medium size-medium wp-image-146\" alt=\"\" srcset=\"https:\/\/cc-sanantonio.com.ar\/wp-content\/uploads\/2025\/06\/DJI_0309-300x169.jpg 300w, https:\/\/cc-sanantonio.com.ar\/wp-content\/uploads\/2025\/06\/DJI_0309-1024x576.jpg 1024w, https:\/\/cc-sanantonio.com.ar\/wp-content\/uploads\/2025\/06\/DJI_0309-768x432.jpg 768w, https:\/\/cc-sanantonio.com.ar\/wp-content\/uploads\/2025\/06\/DJI_0309-1536x864.jpg 1536w, https:\/\/cc-sanantonio.com.ar\/wp-content\/uploads\/2025\/06\/DJI_0309-2048x1152.jpg 2048w\" sizes=\"auto, (max-width: 300px) 100vw, 300px\" \/><\/div><\/a>\n\t\t\t\t<div class=\"elementor-post__badge\">Noticias<\/div>\n\t\t\t\t<div class=\"elementor-post__text\">\n\t\t\t\t<h3 class=\"elementor-post__title\">\n\t\t\t<a href=\"https:\/\/cc-sanantonio.com.ar\/?p=220\" >\n\t\t\t\tComit\u00e9 de Cuenca Arroyo San Antonio: planes de pago y bonificaciones vigentes\t\t\t<\/a>\n\t\t<\/h3>\n\t\t\t\t<\/div>\n\t\t\t\t\t<\/div>\n\t\t<\/article>\n\t\t\t\t<article class=\"elementor-post elementor-grid-item post-217 post type-post status-publish format-standard has-post-thumbnail category-noticias tag-planes-de-pago\" role=\"listitem\">\n\t\t\t<div class=\"elementor-post__card\">\n\t\t\t\t<a class=\"elementor-post__thumbnail__link\" href=\"https:\/\/cc-sanantonio.com.ar\/?p=217\" tabindex=\"-1\" ><div class=\"elementor-post__thumbnail\"><img loading=\"lazy\" loading=\"lazy\" decoding=\"async\" width=\"300\" height=\"169\" src=\"https:\/\/cc-sanantonio.com.ar\/wp-content\/uploads\/2025\/06\/DJI_0315-300x169.jpg\" class=\"attachment-medium size-medium wp-image-141\" alt=\"\" srcset=\"https:\/\/cc-sanantonio.com.ar\/wp-content\/uploads\/2025\/06\/DJI_0315-300x169.jpg 300w, https:\/\/cc-sanantonio.com.ar\/wp-content\/uploads\/2025\/06\/DJI_0315-1024x576.jpg 1024w, https:\/\/cc-sanantonio.com.ar\/wp-content\/uploads\/2025\/06\/DJI_0315-768x432.jpg 768w, https:\/\/cc-sanantonio.com.ar\/wp-content\/uploads\/2025\/06\/DJI_0315-1536x864.jpg 1536w, https:\/\/cc-sanantonio.com.ar\/wp-content\/uploads\/2025\/06\/DJI_0315-2048x1152.jpg 2048w\" sizes=\"auto, (max-width: 300px) 100vw, 300px\" \/><\/div><\/a>\n\t\t\t\t<div class=\"elementor-post__badge\">Noticias<\/div>\n\t\t\t\t<div class=\"elementor-post__text\">\n\t\t\t\t<h3 class=\"elementor-post__title\">\n\t\t\t<a href=\"https:\/\/cc-sanantonio.com.ar\/?p=217\" >\n\t\t\t\tFinaliz\u00f3 la pr\u00f3rroga de 48 horas para la bonificaci\u00f3n del Comit\u00e9 de Cuenca\t\t\t<\/a>\n\t\t<\/h3>\n\t\t\t\t<\/div>\n\t\t\t\t\t<\/div>\n\t\t<\/article>\n\t\t\t\t<article class=\"elementor-post elementor-grid-item post-214 post type-post status-publish format-standard has-post-thumbnail category-noticias tag-facilidades-de-pago tag-pago-de-tasas tag-planes-de-pago\" role=\"listitem\">\n\t\t\t<div class=\"elementor-post__card\">\n\t\t\t\t<a class=\"elementor-post__thumbnail__link\" href=\"https:\/\/cc-sanantonio.com.ar\/?p=214\" tabindex=\"-1\" ><div class=\"elementor-post__thumbnail\"><img loading=\"lazy\" loading=\"lazy\" decoding=\"async\" width=\"300\" height=\"169\" src=\"https:\/\/cc-sanantonio.com.ar\/wp-content\/uploads\/2024\/09\/DJI_0333-300x169.jpg\" class=\"attachment-medium size-medium wp-image-63\" alt=\"\" srcset=\"https:\/\/cc-sanantonio.com.ar\/wp-content\/uploads\/2024\/09\/DJI_0333-300x169.jpg 300w, https:\/\/cc-sanantonio.com.ar\/wp-content\/uploads\/2024\/09\/DJI_0333-1024x576.jpg 1024w, https:\/\/cc-sanantonio.com.ar\/wp-content\/uploads\/2024\/09\/DJI_0333-768x432.jpg 768w, https:\/\/cc-sanantonio.com.ar\/wp-content\/uploads\/2024\/09\/DJI_0333-1536x864.jpg 1536w, https:\/\/cc-sanantonio.com.ar\/wp-content\/uploads\/2024\/09\/DJI_0333-2048x1152.jpg 2048w\" sizes=\"auto, (max-width: 300px) 100vw, 300px\" \/><\/div><\/a>\n\t\t\t\t<div class=\"elementor-post__badge\">Noticias<\/div>\n\t\t\t\t<div class=\"elementor-post__text\">\n\t\t\t\t<h3 class=\"elementor-post__title\">\n\t\t\t<a href=\"https:\/\/cc-sanantonio.com.ar\/?p=214\" >\n\t\t\t\tEl Comit\u00e9 de Cuenca Arroyo San Antonio modifica el esquema de bonificaciones y ofrece nuevos Planes de Pago\t\t\t<\/a>\n\t\t<\/h3>\n\t\t\t\t<\/div>\n\t\t\t\t\t<\/div>\n\t\t<\/article>\n\t\t\t\t<\/div>\n\t\t\n\t\t\t\t\t\t<\/div>\n\t\t\t\t<\/div>\n\t\t\t\t<\/div>\n\t\t\t\t\t<\/div>\n\t\t\t\t<\/div>\n\t\t\t\t<\/div>\n\t\t","protected":false},"excerpt":{"rendered":"<p>Autoridades del Comit\u00e9 de Cuenca Arroyo San Antonio El Comit\u00e9 de Cuenca Arroyo San Antonio est\u00e1 integrado por representantes de distintas localidades que trabajan de<\/p>\n","protected":false},"author":2,"featured_media":0,"parent":0,"menu_order":0,"comment_status":"closed","ping_status":"closed","template":"elementor_theme","meta":{"footnotes":""},"class_list":["post-226","page","type-page","status-publish"],"_links":{"self":[{"href":"https:\/\/cc-sanantonio.com.ar\/index.php?rest_route=\/wp\/v2\/pages\/226","targetHints":{"allow":["GET"]}}],"collection":[{"href":"https:\/\/cc-sanantonio.com.ar\/index.php?rest_route=\/wp\/v2\/pages"}],"about":[{"href":"https:\/\/cc-sanantonio.com.ar\/index.php?rest_route=\/wp\/v2\/types\/page"}],"author":[{"embeddable":true,"href":"https:\/\/cc-sanantonio.com.ar\/index.php?rest_route=\/wp\/v2\/users\/2"}],"replies":[{"embeddable":true,"href":"https:\/\/cc-sanantonio.com.ar\/index.php?rest_route=%2Fwp%2Fv2%2Fcomments&post=226"}],"version-history":[{"count":16,"href":"https:\/\/cc-sanantonio.com.ar\/index.php?rest_route=\/wp\/v2\/pages\/226\/revisions"}],"predecessor-version":[{"id":281,"href":"https:\/\/cc-sanantonio.com.ar\/index.php?rest_route=\/wp\/v2\/pages\/226\/revisions\/281"}],"wp:attachment":[{"href":"https:\/\/cc-sanantonio.com.ar\/index.php?rest_route=%2Fwp%2Fv2%2Fmedia&parent=226"}],"curies":[{"name":"wp","href":"https:\/\/api.w.org\/{rel}","templated":true}]}}