{"id":257,"date":"2025-10-23T20:05:12","date_gmt":"2025-10-23T20:05:12","guid":{"rendered":"https:\/\/cc-sanantonio.com.ar\/?page_id=257"},"modified":"2025-10-24T13:04:23","modified_gmt":"2025-10-24T13:04:23","slug":"elementor-257","status":"publish","type":"page","link":"https:\/\/cc-sanantonio.com.ar\/?page_id=257","title":{"rendered":"Noticias de las Actividades del Comite\u200b"},"content":{"rendered":"\t\t<div data-elementor-type=\"wp-page\" data-elementor-id=\"257\" class=\"elementor elementor-257\" data-elementor-post-type=\"page\">\n\t\t\t\t<div class=\"elementor-element elementor-element-b7372c1 e-flex e-con-boxed e-con e-parent\" data-id=\"b7372c1\" data-element_type=\"container\">\n\t\t\t\t\t<div class=\"e-con-inner\">\n\t\t<div class=\"elementor-element elementor-element-cb016a5 e-con-full e-flex e-con e-child\" data-id=\"cb016a5\" data-element_type=\"container\">\n\t\t\t\t<div class=\"elementor-element elementor-element-529f341 elementor-widget elementor-widget-heading\" data-id=\"529f341\" data-element_type=\"widget\" data-widget_type=\"heading.default\">\n\t\t\t\t\t<h2 class=\"elementor-heading-title elementor-size-default\">Noticias de las Actividades del Comite<\/h2>\t\t\t\t<\/div>\n\t\t\t\t<div class=\"elementor-element elementor-element-d078ace elementor-grid-2 elementor-grid-tablet-2 elementor-grid-mobile-1 elementor-posts--thumbnail-top elementor-card-shadow-yes elementor-posts__hover-gradient load-more-align-center elementor-widget elementor-widget-posts\" data-id=\"d078ace\" data-element_type=\"widget\" data-settings=\"{&quot;cards_columns&quot;:&quot;2&quot;,&quot;pagination_type&quot;:&quot;load_more_on_click&quot;,&quot;cards_columns_tablet&quot;:&quot;2&quot;,&quot;cards_columns_mobile&quot;:&quot;1&quot;,&quot;cards_row_gap&quot;:{&quot;unit&quot;:&quot;px&quot;,&quot;size&quot;:35,&quot;sizes&quot;:[]},&quot;cards_row_gap_tablet&quot;:{&quot;unit&quot;:&quot;px&quot;,&quot;size&quot;:&quot;&quot;,&quot;sizes&quot;:[]},&quot;cards_row_gap_mobile&quot;:{&quot;unit&quot;:&quot;px&quot;,&quot;size&quot;:&quot;&quot;,&quot;sizes&quot;:[]},&quot;load_more_spinner&quot;:{&quot;value&quot;:&quot;fas fa-spinner&quot;,&quot;library&quot;:&quot;fa-solid&quot;}}\" data-widget_type=\"posts.cards\">\n\t\t\t\t<div class=\"elementor-widget-container\">\n\t\t\t\t\t\t\t<div class=\"elementor-posts-container elementor-posts elementor-posts--skin-cards elementor-grid\" role=\"list\">\n\t\t\t\t<article class=\"elementor-post elementor-grid-item post-220 post type-post status-publish format-standard has-post-thumbnail category-noticias category-pagos tag-facilidades-de-pago tag-planes-de-pago\" role=\"listitem\">\n\t\t\t<div class=\"elementor-post__card\">\n\t\t\t\t<a class=\"elementor-post__thumbnail__link\" href=\"https:\/\/cc-sanantonio.com.ar\/?p=220\" tabindex=\"-1\" ><div class=\"elementor-post__thumbnail\"><img loading=\"lazy\" loading=\"lazy\" decoding=\"async\" width=\"300\" height=\"169\" src=\"https:\/\/cc-sanantonio.com.ar\/wp-content\/uploads\/2025\/06\/DJI_0309-300x169.jpg\" class=\"attachment-medium size-medium wp-image-146\" alt=\"\" srcset=\"https:\/\/cc-sanantonio.com.ar\/wp-content\/uploads\/2025\/06\/DJI_0309-300x169.jpg 300w, https:\/\/cc-sanantonio.com.ar\/wp-content\/uploads\/2025\/06\/DJI_0309-1024x576.jpg 1024w, https:\/\/cc-sanantonio.com.ar\/wp-content\/uploads\/2025\/06\/DJI_0309-768x432.jpg 768w, https:\/\/cc-sanantonio.com.ar\/wp-content\/uploads\/2025\/06\/DJI_0309-1536x864.jpg 1536w, https:\/\/cc-sanantonio.com.ar\/wp-content\/uploads\/2025\/06\/DJI_0309-2048x1152.jpg 2048w\" sizes=\"auto, (max-width: 300px) 100vw, 300px\" \/><\/div><\/a>\n\t\t\t\t<div class=\"elementor-post__badge\">Noticias<\/div>\n\t\t\t\t<div class=\"elementor-post__text\">\n\t\t\t\t<h3 class=\"elementor-post__title\">\n\t\t\t<a href=\"https:\/\/cc-sanantonio.com.ar\/?p=220\" >\n\t\t\t\tComit\u00e9 de Cuenca Arroyo San Antonio: planes de pago y bonificaciones vigentes\t\t\t<\/a>\n\t\t<\/h3>\n\t\t\n\t\t<a class=\"elementor-post__read-more\" href=\"https:\/\/cc-sanantonio.com.ar\/?p=220\" aria-label=\"M\u00e1s informaci\u00f3n sobre Comit\u00e9 de Cuenca Arroyo San Antonio: planes de pago y bonificaciones vigentes\" tabindex=\"-1\" >\n\t\t\tLeer m\u00e1s \u00bb\t\t<\/a>\n\n\t\t\t\t<\/div>\n\t\t\t\t<div class=\"elementor-post__meta-data\">\n\t\t\t\t\t<span class=\"elementor-post-date\">\n\t\t\toctubre 23, 2025\t\t<\/span>\n\t\t\t\t<span class=\"elementor-post-avatar\">\n\t\t\tNo hay comentarios\t\t<\/span>\n\t\t\t\t<\/div>\n\t\t\t\t\t<\/div>\n\t\t<\/article>\n\t\t\t\t<article class=\"elementor-post elementor-grid-item post-217 post type-post status-publish format-standard has-post-thumbnail category-noticias tag-planes-de-pago\" role=\"listitem\">\n\t\t\t<div class=\"elementor-post__card\">\n\t\t\t\t<a class=\"elementor-post__thumbnail__link\" href=\"https:\/\/cc-sanantonio.com.ar\/?p=217\" tabindex=\"-1\" ><div class=\"elementor-post__thumbnail\"><img loading=\"lazy\" loading=\"lazy\" decoding=\"async\" width=\"300\" height=\"169\" src=\"https:\/\/cc-sanantonio.com.ar\/wp-content\/uploads\/2025\/06\/DJI_0315-300x169.jpg\" class=\"attachment-medium size-medium wp-image-141\" alt=\"\" srcset=\"https:\/\/cc-sanantonio.com.ar\/wp-content\/uploads\/2025\/06\/DJI_0315-300x169.jpg 300w, https:\/\/cc-sanantonio.com.ar\/wp-content\/uploads\/2025\/06\/DJI_0315-1024x576.jpg 1024w, https:\/\/cc-sanantonio.com.ar\/wp-content\/uploads\/2025\/06\/DJI_0315-768x432.jpg 768w, https:\/\/cc-sanantonio.com.ar\/wp-content\/uploads\/2025\/06\/DJI_0315-1536x864.jpg 1536w, https:\/\/cc-sanantonio.com.ar\/wp-content\/uploads\/2025\/06\/DJI_0315-2048x1152.jpg 2048w\" sizes=\"auto, (max-width: 300px) 100vw, 300px\" \/><\/div><\/a>\n\t\t\t\t<div class=\"elementor-post__badge\">Noticias<\/div>\n\t\t\t\t<div class=\"elementor-post__text\">\n\t\t\t\t<h3 class=\"elementor-post__title\">\n\t\t\t<a href=\"https:\/\/cc-sanantonio.com.ar\/?p=217\" >\n\t\t\t\tFinaliz\u00f3 la pr\u00f3rroga de 48 horas para la bonificaci\u00f3n del Comit\u00e9 de Cuenca\t\t\t<\/a>\n\t\t<\/h3>\n\t\t\n\t\t<a class=\"elementor-post__read-more\" href=\"https:\/\/cc-sanantonio.com.ar\/?p=217\" aria-label=\"M\u00e1s informaci\u00f3n sobre Finaliz\u00f3 la pr\u00f3rroga de 48 horas para la bonificaci\u00f3n del Comit\u00e9 de Cuenca\" tabindex=\"-1\" >\n\t\t\tLeer m\u00e1s \u00bb\t\t<\/a>\n\n\t\t\t\t<\/div>\n\t\t\t\t<div class=\"elementor-post__meta-data\">\n\t\t\t\t\t<span class=\"elementor-post-date\">\n\t\t\toctubre 23, 2025\t\t<\/span>\n\t\t\t\t<span class=\"elementor-post-avatar\">\n\t\t\tNo hay comentarios\t\t<\/span>\n\t\t\t\t<\/div>\n\t\t\t\t\t<\/div>\n\t\t<\/article>\n\t\t\t\t<article class=\"elementor-post elementor-grid-item post-214 post type-post status-publish format-standard has-post-thumbnail category-noticias tag-facilidades-de-pago tag-pago-de-tasas tag-planes-de-pago\" role=\"listitem\">\n\t\t\t<div class=\"elementor-post__card\">\n\t\t\t\t<a class=\"elementor-post__thumbnail__link\" href=\"https:\/\/cc-sanantonio.com.ar\/?p=214\" tabindex=\"-1\" ><div class=\"elementor-post__thumbnail\"><img loading=\"lazy\" loading=\"lazy\" decoding=\"async\" width=\"300\" height=\"169\" src=\"https:\/\/cc-sanantonio.com.ar\/wp-content\/uploads\/2024\/09\/DJI_0333-300x169.jpg\" class=\"attachment-medium size-medium wp-image-63\" alt=\"\" srcset=\"https:\/\/cc-sanantonio.com.ar\/wp-content\/uploads\/2024\/09\/DJI_0333-300x169.jpg 300w, https:\/\/cc-sanantonio.com.ar\/wp-content\/uploads\/2024\/09\/DJI_0333-1024x576.jpg 1024w, https:\/\/cc-sanantonio.com.ar\/wp-content\/uploads\/2024\/09\/DJI_0333-768x432.jpg 768w, https:\/\/cc-sanantonio.com.ar\/wp-content\/uploads\/2024\/09\/DJI_0333-1536x864.jpg 1536w, https:\/\/cc-sanantonio.com.ar\/wp-content\/uploads\/2024\/09\/DJI_0333-2048x1152.jpg 2048w\" sizes=\"auto, (max-width: 300px) 100vw, 300px\" \/><\/div><\/a>\n\t\t\t\t<div class=\"elementor-post__badge\">Noticias<\/div>\n\t\t\t\t<div class=\"elementor-post__text\">\n\t\t\t\t<h3 class=\"elementor-post__title\">\n\t\t\t<a href=\"https:\/\/cc-sanantonio.com.ar\/?p=214\" >\n\t\t\t\tEl Comit\u00e9 de Cuenca Arroyo San Antonio modifica el esquema de bonificaciones y ofrece nuevos Planes de Pago\t\t\t<\/a>\n\t\t<\/h3>\n\t\t\n\t\t<a class=\"elementor-post__read-more\" href=\"https:\/\/cc-sanantonio.com.ar\/?p=214\" aria-label=\"M\u00e1s informaci\u00f3n sobre El Comit\u00e9 de Cuenca Arroyo San Antonio modifica el esquema de bonificaciones y ofrece nuevos Planes de Pago\" tabindex=\"-1\" >\n\t\t\tLeer m\u00e1s \u00bb\t\t<\/a>\n\n\t\t\t\t<\/div>\n\t\t\t\t<div class=\"elementor-post__meta-data\">\n\t\t\t\t\t<span class=\"elementor-post-date\">\n\t\t\toctubre 23, 2025\t\t<\/span>\n\t\t\t\t<span class=\"elementor-post-avatar\">\n\t\t\tNo hay comentarios\t\t<\/span>\n\t\t\t\t<\/div>\n\t\t\t\t\t<\/div>\n\t\t<\/article>\n\t\t\t\t<article class=\"elementor-post elementor-grid-item post-210 post type-post status-publish format-standard has-post-thumbnail category-noticias tag-maquinaria\" role=\"listitem\">\n\t\t\t<div class=\"elementor-post__card\">\n\t\t\t\t<a class=\"elementor-post__thumbnail__link\" href=\"https:\/\/cc-sanantonio.com.ar\/?p=210\" tabindex=\"-1\" ><div class=\"elementor-post__thumbnail\"><img loading=\"lazy\" loading=\"lazy\" decoding=\"async\" width=\"300\" height=\"251\" src=\"https:\/\/cc-sanantonio.com.ar\/wp-content\/uploads\/2025\/10\/518959132_1460662061752563_792646763496067784_n-300x251.jpg\" class=\"attachment-medium size-medium wp-image-211\" alt=\"\" srcset=\"https:\/\/cc-sanantonio.com.ar\/wp-content\/uploads\/2025\/10\/518959132_1460662061752563_792646763496067784_n-300x251.jpg 300w, https:\/\/cc-sanantonio.com.ar\/wp-content\/uploads\/2025\/10\/518959132_1460662061752563_792646763496067784_n-768x644.jpg 768w, https:\/\/cc-sanantonio.com.ar\/wp-content\/uploads\/2025\/10\/518959132_1460662061752563_792646763496067784_n.jpg 940w\" sizes=\"auto, (max-width: 300px) 100vw, 300px\" \/><\/div><\/a>\n\t\t\t\t<div class=\"elementor-post__badge\">Noticias<\/div>\n\t\t\t\t<div class=\"elementor-post__text\">\n\t\t\t\t<h3 class=\"elementor-post__title\">\n\t\t\t<a href=\"https:\/\/cc-sanantonio.com.ar\/?p=210\" >\n\t\t\t\tTraslado de Maquinaria\t\t\t<\/a>\n\t\t<\/h3>\n\t\t\n\t\t<a class=\"elementor-post__read-more\" href=\"https:\/\/cc-sanantonio.com.ar\/?p=210\" aria-label=\"M\u00e1s informaci\u00f3n sobre Traslado de Maquinaria\" tabindex=\"-1\" >\n\t\t\tLeer m\u00e1s \u00bb\t\t<\/a>\n\n\t\t\t\t<\/div>\n\t\t\t\t<div class=\"elementor-post__meta-data\">\n\t\t\t\t\t<span class=\"elementor-post-date\">\n\t\t\toctubre 23, 2025\t\t<\/span>\n\t\t\t\t<span class=\"elementor-post-avatar\">\n\t\t\tNo hay comentarios\t\t<\/span>\n\t\t\t\t<\/div>\n\t\t\t\t\t<\/div>\n\t\t<\/article>\n\t\t\t\t<\/div>\n\t\t\t\t\t<span class=\"e-load-more-spinner\">\n\t\t\t\t<svg aria-hidden=\"true\" class=\"e-font-icon-svg e-fas-spinner\" viewBox=\"0 0 512 512\" xmlns=\"http:\/\/www.w3.org\/2000\/svg\"><path d=\"M304 48c0 26.51-21.49 48-48 48s-48-21.49-48-48 21.49-48 48-48 48 21.49 48 48zm-48 368c-26.51 0-48 21.49-48 48s21.49 48 48 48 48-21.49 48-48-21.49-48-48-48zm208-208c-26.51 0-48 21.49-48 48s21.49 48 48 48 48-21.49 48-48-21.49-48-48-48zM96 256c0-26.51-21.49-48-48-48S0 229.49 0 256s21.49 48 48 48 48-21.49 48-48zm12.922 99.078c-26.51 0-48 21.49-48 48s21.49 48 48 48 48-21.49 48-48c0-26.509-21.491-48-48-48zm294.156 0c-26.51 0-48 21.49-48 48s21.49 48 48 48 48-21.49 48-48c0-26.509-21.49-48-48-48zM108.922 60.922c-26.51 0-48 21.49-48 48s21.49 48 48 48 48-21.49 48-48-21.491-48-48-48z\"><\/path><\/svg>\t\t\t<\/span>\n\t\t\n\t\t\t\t<div class=\"e-load-more-anchor\" data-page=\"1\" data-max-page=\"2\" data-next-page=\"https:\/\/cc-sanantonio.com.ar\/index.php?rest_route=%2Fwp%2Fv2%2Fpages%2F257&#038;paged=2\"><\/div>\n\t\t\t\t<div class=\"elementor-button-wrapper\">\n\t\t\t<a class=\"elementor-button elementor-size-sm\" role=\"button\">\n\t\t\t\t\t\t<span class=\"elementor-button-content-wrapper\">\n\t\t\t\t\t\t\t\t\t<span class=\"elementor-button-text\">Mas Noticias<\/span>\n\t\t\t\t\t<\/span>\n\t\t\t\t\t<\/a>\n\t\t<\/div>\n\t\t\t\t<div class=\"e-load-more-message\"><\/div>\n\t\t\t\t\t\t<\/div>\n\t\t\t\t<\/div>\n\t\t\t\t<\/div>\n\t\t<div class=\"elementor-element elementor-element-3be7788 e-con-full e-flex e-con e-child\" data-id=\"3be7788\" data-element_type=\"container\">\n\t\t\t\t<div class=\"elementor-element elementor-element-fb8d10a elementor-widget elementor-widget-image\" data-id=\"fb8d10a\" data-element_type=\"widget\" data-widget_type=\"image.default\">\n\t\t\t\t\t\t\t\t\t\t\t\t\t\t\t<img loading=\"lazy\" loading=\"lazy\" decoding=\"async\" width=\"576\" height=\"1024\" src=\"https:\/\/cc-sanantonio.com.ar\/wp-content\/uploads\/2025\/10\/32e376be-52ca-4f5d-8488-1ed95f23fa11-576x1024.jpg\" class=\"attachment-large size-large wp-image-273\" alt=\"\" srcset=\"https:\/\/cc-sanantonio.com.ar\/wp-content\/uploads\/2025\/10\/32e376be-52ca-4f5d-8488-1ed95f23fa11-576x1024.jpg 576w, https:\/\/cc-sanantonio.com.ar\/wp-content\/uploads\/2025\/10\/32e376be-52ca-4f5d-8488-1ed95f23fa11-169x300.jpg 169w, https:\/\/cc-sanantonio.com.ar\/wp-content\/uploads\/2025\/10\/32e376be-52ca-4f5d-8488-1ed95f23fa11-768x1365.jpg 768w, https:\/\/cc-sanantonio.com.ar\/wp-content\/uploads\/2025\/10\/32e376be-52ca-4f5d-8488-1ed95f23fa11-864x1536.jpg 864w, https:\/\/cc-sanantonio.com.ar\/wp-content\/uploads\/2025\/10\/32e376be-52ca-4f5d-8488-1ed95f23fa11.jpg 900w\" sizes=\"auto, (max-width: 576px) 100vw, 576px\" \/>\t\t\t\t\t\t\t\t\t\t\t\t\t\t\t<\/div>\n\t\t\t\t<\/div>\n\t\t\t\t\t<\/div>\n\t\t\t\t<\/div>\n\t\t\t\t<\/div>\n\t\t","protected":false},"excerpt":{"rendered":"<p>Noticias de las Actividades del Comite<\/p>\n","protected":false},"author":2,"featured_media":0,"parent":0,"menu_order":0,"comment_status":"closed","ping_status":"closed","template":"","meta":{"footnotes":""},"class_list":["post-257","page","type-page","status-publish"],"_links":{"self":[{"href":"https:\/\/cc-sanantonio.com.ar\/index.php?rest_route=\/wp\/v2\/pages\/257","targetHints":{"allow":["GET"]}}],"collection":[{"href":"https:\/\/cc-sanantonio.com.ar\/index.php?rest_route=\/wp\/v2\/pages"}],"about":[{"href":"https:\/\/cc-sanantonio.com.ar\/index.php?rest_route=\/wp\/v2\/types\/page"}],"author":[{"embeddable":true,"href":"https:\/\/cc-sanantonio.com.ar\/index.php?rest_route=\/wp\/v2\/users\/2"}],"replies":[{"embeddable":true,"href":"https:\/\/cc-sanantonio.com.ar\/index.php?rest_route=%2Fwp%2Fv2%2Fcomments&post=257"}],"version-history":[{"count":10,"href":"https:\/\/cc-sanantonio.com.ar\/index.php?rest_route=\/wp\/v2\/pages\/257\/revisions"}],"predecessor-version":[{"id":276,"href":"https:\/\/cc-sanantonio.com.ar\/index.php?rest_route=\/wp\/v2\/pages\/257\/revisions\/276"}],"wp:attachment":[{"href":"https:\/\/cc-sanantonio.com.ar\/index.php?rest_route=%2Fwp%2Fv2%2Fmedia&parent=257"}],"curies":[{"name":"wp","href":"https:\/\/api.w.org\/{rel}","templated":true}]}}